{"id":72,"date":"2021-06-24T12:34:44","date_gmt":"2021-06-24T12:34:44","guid":{"rendered":"https:\/\/www.smf.co.at\/?page_id=72"},"modified":"2021-09-29T13:50:35","modified_gmt":"2021-09-29T13:50:35","slug":"qualitatsmanagement","status":"publish","type":"page","link":"https:\/\/www.smf.co.at\/?page_id=72","title":{"rendered":"Qualit\u00e4tsmanagement"},"content":{"rendered":"\n<ul class=\"wp-block-list\"><li>ISO 3834<\/li><li>EN 1090<\/li><li>EN 15058<\/li><li>ASMS IX<\/li><li>Schwei\u00dfaufsicht gem\u00e4\u00df ISO 14731<\/li><\/ul>\n\n\n\n<figure class=\"wp-block-image size-full is-resized\"><img loading=\"lazy\" decoding=\"async\" src=\"https:\/\/www.smf.co.at\/wp-content\/uploads\/2021\/07\/Bindef.-270-AP10-PG.jpg\" alt=\"Bindefehler 270 AP10 PG\" class=\"wp-image-161\" width=\"840\" height=\"593\"\/><\/figure>\n\n\n\n<p><\/p>\n\n\n\n<div class=\"custom-strap\">\n<a href=\"https:\/\/www.smf.co.at\/?page_id=126\">\n        <p>Schwei\u00dfautomat 4.0<\/p>\n    <\/a><\/div>\n","protected":false},"excerpt":{"rendered":"<p>ISO 3834 EN 1090 EN 15058 ASMS IX Schwei\u00dfaufsicht gem\u00e4\u00df ISO 14731 Schwei\u00dfautomat 4.0<\/p>\n","protected":false},"author":1,"featured_media":0,"parent":0,"menu_order":0,"comment_status":"closed","ping_status":"closed","template":"","meta":{"footnotes":""},"class_list":["post-72","page","type-page","status-publish","hentry"],"_links":{"self":[{"href":"https:\/\/www.smf.co.at\/index.php?rest_route=\/wp\/v2\/pages\/72","targetHints":{"allow":["GET"]}}],"collection":[{"href":"https:\/\/www.smf.co.at\/index.php?rest_route=\/wp\/v2\/pages"}],"about":[{"href":"https:\/\/www.smf.co.at\/index.php?rest_route=\/wp\/v2\/types\/page"}],"author":[{"embeddable":true,"href":"https:\/\/www.smf.co.at\/index.php?rest_route=\/wp\/v2\/users\/1"}],"replies":[{"embeddable":true,"href":"https:\/\/www.smf.co.at\/index.php?rest_route=%2Fwp%2Fv2%2Fcomments&post=72"}],"version-history":[{"count":10,"href":"https:\/\/www.smf.co.at\/index.php?rest_route=\/wp\/v2\/pages\/72\/revisions"}],"predecessor-version":[{"id":374,"href":"https:\/\/www.smf.co.at\/index.php?rest_route=\/wp\/v2\/pages\/72\/revisions\/374"}],"wp:attachment":[{"href":"https:\/\/www.smf.co.at\/index.php?rest_route=%2Fwp%2Fv2%2Fmedia&parent=72"}],"curies":[{"name":"wp","href":"https:\/\/api.w.org\/{rel}","templated":true}]}}