{"id":22,"date":"2021-06-17T11:35:04","date_gmt":"2021-06-17T11:35:04","guid":{"rendered":"https:\/\/www.smf.co.at\/?page_id=22"},"modified":"2021-09-27T09:32:31","modified_gmt":"2021-09-27T09:32:31","slug":"projekte","status":"publish","type":"page","link":"https:\/\/www.smf.co.at\/?page_id=22","title":{"rendered":"Projekte"},"content":{"rendered":"\n<div class=\"double-border-container project-container\"><h2>IZD &#8211; Office Center (Hammerkopf)<\/h2><p>Konstruktion, Fertigung &amp; Montageaufsicht<\/p><img decoding=\"async\" src=\"https:\/\/www.smf.co.at\/wp-content\/uploads\/2021\/09\/IZD_Abklemmen-Quertra\u0308ger-1.jpeg\" alt=\"disconnecting cross beams\"><\/div>\n\n\n\n<div class=\"single-border-container project-container\"><h2>ESL Advanced Information Technology GmbH<\/h2><p>Div. Antennentragwerke<\/p><p>Planung &amp; konstruktive Fertigungs- und Montageaufsicht<\/p><img decoding=\"async\" src=\"https:\/\/www.smf.co.at\/wp-content\/uploads\/2021\/09\/ESL-1.jpeg\" alt=\"ESL-tower on a mountain\"><\/div>\n\n\n\n<div class=\"single-border-container project-container\"><h2>Bombardier Schienenfahrzeuge<\/h2><p>Schwei\u00dfaufsicht (vSAP)<\/p><p>Schwei\u00dftechnische Konstruktions\u00fcberwachung<\/p><img decoding=\"async\" src=\"https:\/\/www.smf.co.at\/wp-content\/uploads\/2021\/09\/Bombardier_DSCN3033.jpeg\" alt=\"close-up shot of an Bombardier module\"><\/div>\n\n\n\n<div class=\"custom-strap\">\n<a href=\"https:\/\/www.smf.co.at\/?page_id=126\">\n        <p>Schwei\u00dfautomat 4.0<\/p>\n    <\/a><\/div>\n\n\n\n<p><\/p>\n","protected":false},"excerpt":{"rendered":"<p>IZD &#8211; Office Center (Hammerkopf) Konstruktion, Fertigung &amp; Montageaufsicht ESL Advanced Information Technology GmbH Div. Antennentragwerke Planung &amp; konstruktive Fertigungs- und Montageaufsicht Bombardier Schienenfahrzeuge Schwei\u00dfaufsicht (vSAP) Schwei\u00dftechnische Konstruktions\u00fcberwachung Schwei\u00dfautomat 4.0<\/p>\n","protected":false},"author":1,"featured_media":0,"parent":0,"menu_order":0,"comment_status":"closed","ping_status":"closed","template":"","meta":{"footnotes":""},"class_list":["post-22","page","type-page","status-publish","hentry"],"_links":{"self":[{"href":"https:\/\/www.smf.co.at\/index.php?rest_route=\/wp\/v2\/pages\/22","targetHints":{"allow":["GET"]}}],"collection":[{"href":"https:\/\/www.smf.co.at\/index.php?rest_route=\/wp\/v2\/pages"}],"about":[{"href":"https:\/\/www.smf.co.at\/index.php?rest_route=\/wp\/v2\/types\/page"}],"author":[{"embeddable":true,"href":"https:\/\/www.smf.co.at\/index.php?rest_route=\/wp\/v2\/users\/1"}],"replies":[{"embeddable":true,"href":"https:\/\/www.smf.co.at\/index.php?rest_route=%2Fwp%2Fv2%2Fcomments&post=22"}],"version-history":[{"count":13,"href":"https:\/\/www.smf.co.at\/index.php?rest_route=\/wp\/v2\/pages\/22\/revisions"}],"predecessor-version":[{"id":368,"href":"https:\/\/www.smf.co.at\/index.php?rest_route=\/wp\/v2\/pages\/22\/revisions\/368"}],"wp:attachment":[{"href":"https:\/\/www.smf.co.at\/index.php?rest_route=%2Fwp%2Fv2%2Fmedia&parent=22"}],"curies":[{"name":"wp","href":"https:\/\/api.w.org\/{rel}","templated":true}]}}