{"id":2,"date":"2021-06-16T12:28:35","date_gmt":"2021-06-16T12:28:35","guid":{"rendered":"https:\/\/www.smf.co.at\/?page_id=2"},"modified":"2021-11-02T09:56:08","modified_gmt":"2021-11-02T09:56:08","slug":"sample-page","status":"publish","type":"page","link":"https:\/\/www.smf.co.at\/","title":{"rendered":"Ingenieurb\u00fcro f\u00fcr Stahlbau und Schweisstechnik"},"content":{"rendered":"\n<p>Wir sind ein seit 2000 agierendes Dienstleistungsunternehmen auf dem Fachgebiet <strong>Schwei\u00dftechnik und Stahlbau<\/strong>.<br>Unsere Fachkenntnisse beruhen auf langj\u00e4hriger praktischer T\u00e4tigkeit in diversen Industriesektoren und als Dienstleister im In- und Ausland.<\/p><div class=\"custom-strap\">\n<a href=\"https:\/\/www.smf.co.at\/?page_id=126\">\n        <p>Schwei\u00dfautomat 4.0<\/p>\n    <\/a><\/div>\n\n\n\n<h2 class=\"wp-block-heading\">Unsere aktuelle Neuentwicklung: Der Schwei\u00dfautomat 4.0<\/h2>\n\n\n\n<p>Basierend auf rund 45 Jahren T\u00e4tigkeit in der Schwei\u00dfbranche <meta charset=\"utf-8\">hat SMF den Schwei\u00dfautomat 4.0 mit Live-Steuerung entwickelt \u2013 <meta charset=\"utf-8\">eine sichere und kosteng\u00fcnstige Alternative zum manuellen Schwei\u00dfen, zu Schwei\u00dftraktoren unterschiedlicher Gr\u00f6\u00dfen und Kategorien und komplexen Schwei\u00dfroboter-Anlagen.<br>Ausf\u00fchrliche Informationen zum <a href=\"https:\/\/www.smf.co.at\/?page_id=126\" data-type=\"page\" data-id=\"126\">Schwei\u00dfautomat 4.0 &gt;&gt;<\/a><\/p>\n\n\n\n<div class=\"wp-block-columns is-layout-flex wp-container-core-columns-is-layout-9d6595d7 wp-block-columns-is-layout-flex\">\n<div class=\"wp-block-column is-vertically-aligned-top is-layout-flow wp-block-column-is-layout-flow\" style=\"flex-basis:66.66%\">\n<h3 class=\"wp-block-heading\">Ihr Partner in Stahlbau und Schwei\u00dftechnik:<br>Ing. Ludwig Friedlbinder<\/h3>\n\n\n\n<p>Externe Schwei\u00dfaufsicht gem. ISO 14731, im In- und Ausland<\/p>\n\n\n\n<h2 class=\"wp-block-heading\">Unsere Kunden<\/h2>\n\n\n\n<ul class=\"wp-block-list\"><li><strong>Produktionsfirmen<\/strong>, die T\u00e4tigkeiten auslagern und ein hochwertiges Qualit\u00e4tssicherungssystem ben\u00f6tigen<\/li><li><strong>Metallverarbeitende Industrie<\/strong> (Schwerpunkt Schwei\u00dftechnik)<\/li><li>Betriebe mit individueller Einzelfertigung bis hin zu internationalen Konzernen im <strong>Schienenfahrzeugbau<\/strong> und in der Pharmaindustrie<\/li><\/ul>\n<\/div>\n\n\n\n<div class=\"wp-block-column is-layout-flow wp-block-column-is-layout-flow\" style=\"flex-basis:20.33%\">\n<div class=\"wp-block-image\"><figure class=\"alignright size-full\"><img loading=\"lazy\" decoding=\"async\" width=\"260\" height=\"400\" src=\"https:\/\/www.smf.co.at\/wp-content\/uploads\/2021\/11\/portrait_new.png\" alt=\"\" class=\"wp-image-423\" srcset=\"https:\/\/www.smf.co.at\/wp-content\/uploads\/2021\/11\/portrait_new.png 260w, https:\/\/www.smf.co.at\/wp-content\/uploads\/2021\/11\/portrait_new-195x300.png 195w\" sizes=\"auto, (max-width: 260px) 100vw, 260px\" \/><\/figure><\/div>\n\n\n\n<p><\/p>\n<\/div>\n<\/div>\n\n\n\n<p>Die Kunden kommen aus \u00d6sterreich und dem internationalen Raum (vor allem Zentraleuropa und Skandinavien).<\/p>\n\n\n\n<div class=\"wp-block-columns is-layout-flex wp-container-core-columns-is-layout-9d6595d7 wp-block-columns-is-layout-flex\">\n<div class=\"wp-block-column is-layout-flow wp-block-column-is-layout-flow\" style=\"flex-basis:33.33%\">\n<figure class=\"wp-block-image size-large is-resized\"><a href=\"https:\/\/www.smf.co.at\/wp-content\/uploads\/2021\/09\/SMF-international_2021.pdf\" target=\"_blank\" rel=\"noopener\"><img loading=\"lazy\" decoding=\"async\" src=\"https:\/\/www.smf.co.at\/wp-content\/uploads\/2021\/07\/pdf-logo.jpg\" alt=\"pdf-logo\" class=\"wp-image-115\" width=\"139\" height=\"168\"\/><\/a><\/figure>\n\n\n\n<p><\/p>\n<\/div>\n\n\n\n<div class=\"wp-block-column is-layout-flow wp-block-column-is-layout-flow\" style=\"flex-basis:89%\">\n<h3 class=\"wp-block-heading\"><br>SMF-Brosch\u00fcre<\/h3>\n\n\n\n<p>Detaillierte Informationen \u00fcber unsere Einsatzgebiete<br>SMF-international.pdf<br>Adobe Acrobat Dokument 3.5 MB<br><a href=\"https:\/\/www.smf.co.at\/wp-content\/uploads\/2021\/09\/SMF-international_2021.pdf\" target=\"_blank\" rel=\"noreferrer noopener\">Download<\/a><\/p>\n<\/div>\n<\/div>\n\n\n\n<p><\/p>\n","protected":false},"excerpt":{"rendered":"<p>Wir sind ein seit 2000 agierendes Dienstleistungsunternehmen auf dem Fachgebiet Schwei\u00dftechnik und Stahlbau.Unsere Fachkenntnisse beruhen auf langj\u00e4hriger praktischer T\u00e4tigkeit in diversen Industriesektoren und als Dienstleister im In- und Ausland. Schwei\u00dfautomat 4.0 Unsere aktuelle Neuentwicklung: Der Schwei\u00dfautomat 4.0 Basierend auf rund 45 Jahren T\u00e4tigkeit in der Schwei\u00dfbranche hat SMF den Schwei\u00dfautomat 4.0 mit Live-Steuerung entwickelt \u2013&#8230;<\/p>\n","protected":false},"author":1,"featured_media":0,"parent":0,"menu_order":0,"comment_status":"closed","ping_status":"open","template":"","meta":{"footnotes":""},"class_list":["post-2","page","type-page","status-publish","hentry"],"_links":{"self":[{"href":"https:\/\/www.smf.co.at\/index.php?rest_route=\/wp\/v2\/pages\/2","targetHints":{"allow":["GET"]}}],"collection":[{"href":"https:\/\/www.smf.co.at\/index.php?rest_route=\/wp\/v2\/pages"}],"about":[{"href":"https:\/\/www.smf.co.at\/index.php?rest_route=\/wp\/v2\/types\/page"}],"author":[{"embeddable":true,"href":"https:\/\/www.smf.co.at\/index.php?rest_route=\/wp\/v2\/users\/1"}],"replies":[{"embeddable":true,"href":"https:\/\/www.smf.co.at\/index.php?rest_route=%2Fwp%2Fv2%2Fcomments&post=2"}],"version-history":[{"count":68,"href":"https:\/\/www.smf.co.at\/index.php?rest_route=\/wp\/v2\/pages\/2\/revisions"}],"predecessor-version":[{"id":424,"href":"https:\/\/www.smf.co.at\/index.php?rest_route=\/wp\/v2\/pages\/2\/revisions\/424"}],"wp:attachment":[{"href":"https:\/\/www.smf.co.at\/index.php?rest_route=%2Fwp%2Fv2%2Fmedia&parent=2"}],"curies":[{"name":"wp","href":"https:\/\/api.w.org\/{rel}","templated":true}]}}