{"id":126,"date":"2021-07-13T13:41:04","date_gmt":"2021-07-13T13:41:04","guid":{"rendered":"https:\/\/www.smf.co.at\/?page_id=126"},"modified":"2023-01-05T15:56:02","modified_gmt":"2023-01-05T15:56:02","slug":"der-schweisautomat-4-0","status":"publish","type":"page","link":"https:\/\/www.smf.co.at\/?page_id=126","title":{"rendered":"Der Schwei\u00dfautomat 4.0"},"content":{"rendered":"\n<h3 class=\"wp-block-heading\">Die maschinelle Antwort auf die Herausforderungen in der Schwei\u00dfbranche<\/h3>\n\n\n\n<p>Jahrzehntelange Erfahrung im Schwei\u00df-Milieu als Schwei\u00dfer und Schwei\u00dfaufsichtsperson (SAP) in diversen Branchen, Betriebsgr\u00f6\u00dfen und L\u00e4ndern einerseits und die neuesten Forschungs- und Entwicklungserkenntnisse in der Elektronik andererseits haben gezeigt: Es bedarf einer mobilen Schwei\u00dfanlage, die geeignet ist, Schwei\u00dfn\u00e4hte unabh\u00e4ngig von Nahtart, Position und Fasenvorbereitung und vor allem unabh\u00e4ngig von der St\u00fcckzahl wirtschaftlich und qualitativ hochwertig herzustellen. Gefragt sind Mobilit\u00e4t, Flexibilit\u00e4t &amp; Sicherheit auf hohem Niveau.<\/p>\n\n\n\n<h3 class=\"wp-block-heading\">Schwei\u00dfen auf Industrie 4.0-Niveau \u2013 digitalisiert, effizient, g\u00fcnstig, sicher<\/h3>\n\n\n\n<p>Unsere Innovation, der Schwei\u00dfautomat I 4.0, ist die Antwort auf diesen Bedarf. Er deckt vom Finden der Schwei\u00dfnaht bis zur thermischen \u00dcberwachung und Dokumentation alles automatisiert ab, beherrscht alle Regel- und Sondernahtarten, welche f\u00fcr die Prozesse 13 ff (MSG\/GMAW) geeignet sind und hilft Kosten bei Schwei\u00dfpersonal und Qualit\u00e4tskontrolle einzusparen \u2013 eine rentable L\u00f6sung, die auch in Kleinserien und Sonderprojekten effizient anwendbar ist.<\/p>\n\n\n\n<ul class=\"wp-block-list\">\n<li>Automatisierung \u2013 geringer Personalaufwand, keine Programmierkenntnisse notwendig<\/li>\n\n\n\n<li>Nahtsuchen, Schwei\u00dfen, Pr\u00fcfen und Dokumentieren in einem Arbeitsgang<\/li>\n\n\n\n<li>Flexibilit\u00e4t hinsichtlich Lage, Form, und Art der Naht<\/li>\n\n\n\n<li>Dynamische Anpassung von Schwei\u00dfparametern durch intelligente Sensorik<\/li>\n\n\n\n<li>Kontinuierliche Qualit\u00e4tspr\u00fcfung w\u00e4hrend des Schwei\u00dfprozesses <\/li>\n\n\n\n<li>Selbstlernendes System \u2013 aufgezeichnete Daten verbessern die Algorithmen<\/li>\n\n\n\n<li>Von manueller Nahtvorbereitung bis zum de facto unbegrenzt dimensionierbaren Arbeitsbereich<\/li>\n\n\n\n<li>F\u00fcr Kleinunternehmen genauso wie f\u00fcr industrielle Gro\u00dfbetriebe<\/li>\n\n\n\n<li>Von Losgr\u00f6\u00dfe 1 bis zur unlimitierten Serienfertigung<\/li>\n<\/ul>\n\n\n\n<h3 class=\"wp-block-heading\">Zielgruppen &amp; Einsatzbereiche<\/h3>\n\n\n\n<ul class=\"wp-block-list\">\n<li>Metallverarbeitende Betriebe, in denen Schwei\u00dfen zu den Kernaufgaben z\u00e4hlt<\/li>\n\n\n\n<li>Ausbildungseinrichtungen<\/li>\n<\/ul>\n\n\n\n<p>Das smarte Ger\u00e4t befindet sich derzeit in der Prototypenphase. Erste Ergebnisse werden im 1. Quartal 2022 erwartet. Kontaktieren Sie uns gerne und wir kl\u00e4ren die Details zum m\u00f6glichen Einsatz des Schwei\u00dfautomaten I 4.0 in Ihrem Betrieb.<\/p>\n\n\n\n<p>Aufgrund von Lieferketten Engp\u00e4ssen wird sich die Fertigstellung des Prototypen voraussichtlich auf Mitte 2023 verschieben.&nbsp;<\/p>\n\n\n\n<p class=\"has-text-align-right\">V<strong><em>erschoben ist nicht aufgehoben!<\/em><\/strong><\/p>\n","protected":false},"excerpt":{"rendered":"<p>Die maschinelle Antwort auf die Herausforderungen in der Schwei\u00dfbranche Jahrzehntelange Erfahrung im Schwei\u00df-Milieu als Schwei\u00dfer und Schwei\u00dfaufsichtsperson (SAP) in diversen Branchen, Betriebsgr\u00f6\u00dfen und L\u00e4ndern einerseits und die neuesten Forschungs- und Entwicklungserkenntnisse in der Elektronik andererseits haben gezeigt: Es bedarf einer mobilen Schwei\u00dfanlage, die geeignet ist, Schwei\u00dfn\u00e4hte unabh\u00e4ngig von Nahtart, Position und Fasenvorbereitung und vor allem&#8230;<\/p>\n","protected":false},"author":3,"featured_media":0,"parent":0,"menu_order":0,"comment_status":"closed","ping_status":"closed","template":"","meta":{"footnotes":""},"class_list":["post-126","page","type-page","status-publish","hentry"],"_links":{"self":[{"href":"https:\/\/www.smf.co.at\/index.php?rest_route=\/wp\/v2\/pages\/126","targetHints":{"allow":["GET"]}}],"collection":[{"href":"https:\/\/www.smf.co.at\/index.php?rest_route=\/wp\/v2\/pages"}],"about":[{"href":"https:\/\/www.smf.co.at\/index.php?rest_route=\/wp\/v2\/types\/page"}],"author":[{"embeddable":true,"href":"https:\/\/www.smf.co.at\/index.php?rest_route=\/wp\/v2\/users\/3"}],"replies":[{"embeddable":true,"href":"https:\/\/www.smf.co.at\/index.php?rest_route=%2Fwp%2Fv2%2Fcomments&post=126"}],"version-history":[{"count":26,"href":"https:\/\/www.smf.co.at\/index.php?rest_route=\/wp\/v2\/pages\/126\/revisions"}],"predecessor-version":[{"id":427,"href":"https:\/\/www.smf.co.at\/index.php?rest_route=\/wp\/v2\/pages\/126\/revisions\/427"}],"wp:attachment":[{"href":"https:\/\/www.smf.co.at\/index.php?rest_route=%2Fwp%2Fv2%2Fmedia&parent=126"}],"curies":[{"name":"wp","href":"https:\/\/api.w.org\/{rel}","templated":true}]}}